{"id":5,"date":"2018-02-27T15:40:54","date_gmt":"2018-02-27T14:40:54","guid":{"rendered":"https:\/\/www.recatoit.lu\/a-propos-de-nous\/"},"modified":"2021-01-29T11:59:09","modified_gmt":"2021-01-29T10:59:09","slug":"a-propos-de-nous","status":"publish","type":"page","link":"https:\/\/www.recatoit.lu\/fr\/a-propos-de-nous\/","title":{"rendered":"\u00c0 propos de nous"},"content":{"rendered":"<p><strong>Cr\u00e9ation de l&rsquo;entreprise<\/strong><\/p>\n<p>J&rsquo;ai commenc\u00e9 ma formation de couvreur en 1994 chez Mutsch sprl. J&rsquo;exerce ce metier depuis lors sans interruption et avec passion. La cr\u00e9ation de cette entreprise date de 1924. En 2002 l&rsquo;entreprise Mutsch s&rsquo;est developp\u00e9e et Recatoit f\u00fbt cr\u00e9\u00e9e au nord du Luxembourg.<\/p>\n<p><strong>Reprise de la soci\u00e9t\u00e9<br \/>\n<\/strong><\/p>\n<p>Le propri\u00e9taire de Mutsch sprl, Richard Mutsch, a prit sa retraite en 2016. Suite \u00e0 ma longue exp\u00e9rience, Richard Mutsch m&rsquo;a confi\u00e9 la direction de son entreprise dans la continuation de ses valeurs et dans l&rsquo;inter\u00eats de ses ouvriers. Je le remercie pour la confiance qu&rsquo;il me porte.<\/p>\n<p><strong>Notre \u00e9quipe<br \/>\n<\/strong><\/p>\n<p>Nous sommes une \u00e9quipe de 5 ouvriers. Afin d&rsquo;\u00eatre toujours \u00e0 jours pour vous offir les techniques et les mat\u00e9riaux les plus innovants, nous suivons r\u00e9guli\u00e8rement des formations. Grace \u00e0 cela nous avons offerts \u00e0 de nombreux clients satisfaits un chez-soi r\u00e9sistant aux intemp\u00e9ries.<\/p>\n<p>&nbsp;<\/p>\n","protected":false},"excerpt":{"rendered":"<p>Cr\u00e9ation de l&rsquo;entreprise J&rsquo;ai commenc\u00e9 ma formation de couvreur en 1994 chez Mutsch sprl. J&rsquo;exerce ce metier depuis lors sans [&hellip;]<\/p>\n","protected":false},"author":2,"featured_media":0,"parent":0,"menu_order":1,"comment_status":"closed","ping_status":"closed","template":"","meta":{"footnotes":""},"acf":[],"yoast_head":"<!-- This site is optimized with the Yoast SEO plugin v22.6 - https:\/\/yoast.com\/wordpress\/plugins\/seo\/ -->\n<title>\u00c0 propos de nous - RecaToit<\/title>\n<meta name=\"robots\" content=\"index, follow, max-snippet:-1, max-image-preview:large, max-video-preview:-1\" \/>\n<link rel=\"canonical\" href=\"https:\/\/www.recatoit.lu\/fr\/a-propos-de-nous\/\" \/>\n<meta property=\"og:locale\" content=\"fr_FR\" \/>\n<meta property=\"og:type\" content=\"article\" \/>\n<meta property=\"og:title\" content=\"\u00c0 propos de nous - RecaToit\" \/>\n<meta property=\"og:description\" content=\"Cr\u00e9ation de l&rsquo;entreprise J&rsquo;ai commenc\u00e9 ma formation de couvreur en 1994 chez Mutsch sprl. J&rsquo;exerce ce metier depuis lors sans [&hellip;]\" \/>\n<meta property=\"og:url\" content=\"https:\/\/www.recatoit.lu\/fr\/a-propos-de-nous\/\" \/>\n<meta property=\"og:site_name\" content=\"RecaToit\" \/>\n<meta property=\"article:modified_time\" content=\"2021-01-29T10:59:09+00:00\" \/>\n<meta name=\"twitter:card\" content=\"summary_large_image\" \/>\n<meta name=\"twitter:label1\" content=\"Dur\u00e9e de lecture estim\u00e9e\" \/>\n\t<meta name=\"twitter:data1\" content=\"1 minute\" \/>\n<script type=\"application\/ld+json\" class=\"yoast-schema-graph\">{\"@context\":\"https:\/\/schema.org\",\"@graph\":[{\"@type\":\"WebPage\",\"@id\":\"https:\/\/www.recatoit.lu\/fr\/a-propos-de-nous\/\",\"url\":\"https:\/\/www.recatoit.lu\/fr\/a-propos-de-nous\/\",\"name\":\"\u00c0 propos de nous - RecaToit\",\"isPartOf\":{\"@id\":\"https:\/\/www.recatoit.lu\/#website\"},\"datePublished\":\"2018-02-27T14:40:54+00:00\",\"dateModified\":\"2021-01-29T10:59:09+00:00\",\"breadcrumb\":{\"@id\":\"https:\/\/www.recatoit.lu\/fr\/a-propos-de-nous\/#breadcrumb\"},\"inLanguage\":\"fr-FR\",\"potentialAction\":[{\"@type\":\"ReadAction\",\"target\":[\"https:\/\/www.recatoit.lu\/fr\/a-propos-de-nous\/\"]}]},{\"@type\":\"BreadcrumbList\",\"@id\":\"https:\/\/www.recatoit.lu\/fr\/a-propos-de-nous\/#breadcrumb\",\"itemListElement\":[{\"@type\":\"ListItem\",\"position\":1,\"name\":\"Home\",\"item\":\"https:\/\/www.recatoit.lu\/fr\/\"},{\"@type\":\"ListItem\",\"position\":2,\"name\":\"\u00c0 propos de nous\"}]},{\"@type\":\"WebSite\",\"@id\":\"https:\/\/www.recatoit.lu\/#website\",\"url\":\"https:\/\/www.recatoit.lu\/\",\"name\":\"RecaToit\",\"description\":\"\",\"potentialAction\":[{\"@type\":\"SearchAction\",\"target\":{\"@type\":\"EntryPoint\",\"urlTemplate\":\"https:\/\/www.recatoit.lu\/?s={search_term_string}\"},\"query-input\":\"required name=search_term_string\"}],\"inLanguage\":\"fr-FR\"}]}<\/script>\n<!-- \/ Yoast SEO plugin. -->","yoast_head_json":{"title":"\u00c0 propos de nous - RecaToit","robots":{"index":"index","follow":"follow","max-snippet":"max-snippet:-1","max-image-preview":"max-image-preview:large","max-video-preview":"max-video-preview:-1"},"canonical":"https:\/\/www.recatoit.lu\/fr\/a-propos-de-nous\/","og_locale":"fr_FR","og_type":"article","og_title":"\u00c0 propos de nous - RecaToit","og_description":"Cr\u00e9ation de l&rsquo;entreprise J&rsquo;ai commenc\u00e9 ma formation de couvreur en 1994 chez Mutsch sprl. J&rsquo;exerce ce metier depuis lors sans [&hellip;]","og_url":"https:\/\/www.recatoit.lu\/fr\/a-propos-de-nous\/","og_site_name":"RecaToit","article_modified_time":"2021-01-29T10:59:09+00:00","twitter_card":"summary_large_image","twitter_misc":{"Dur\u00e9e de lecture estim\u00e9e":"1 minute"},"schema":{"@context":"https:\/\/schema.org","@graph":[{"@type":"WebPage","@id":"https:\/\/www.recatoit.lu\/fr\/a-propos-de-nous\/","url":"https:\/\/www.recatoit.lu\/fr\/a-propos-de-nous\/","name":"\u00c0 propos de nous - RecaToit","isPartOf":{"@id":"https:\/\/www.recatoit.lu\/#website"},"datePublished":"2018-02-27T14:40:54+00:00","dateModified":"2021-01-29T10:59:09+00:00","breadcrumb":{"@id":"https:\/\/www.recatoit.lu\/fr\/a-propos-de-nous\/#breadcrumb"},"inLanguage":"fr-FR","potentialAction":[{"@type":"ReadAction","target":["https:\/\/www.recatoit.lu\/fr\/a-propos-de-nous\/"]}]},{"@type":"BreadcrumbList","@id":"https:\/\/www.recatoit.lu\/fr\/a-propos-de-nous\/#breadcrumb","itemListElement":[{"@type":"ListItem","position":1,"name":"Home","item":"https:\/\/www.recatoit.lu\/fr\/"},{"@type":"ListItem","position":2,"name":"\u00c0 propos de nous"}]},{"@type":"WebSite","@id":"https:\/\/www.recatoit.lu\/#website","url":"https:\/\/www.recatoit.lu\/","name":"RecaToit","description":"","potentialAction":[{"@type":"SearchAction","target":{"@type":"EntryPoint","urlTemplate":"https:\/\/www.recatoit.lu\/?s={search_term_string}"},"query-input":"required name=search_term_string"}],"inLanguage":"fr-FR"}]}},"_links":{"self":[{"href":"https:\/\/www.recatoit.lu\/fr\/wp-json\/wp\/v2\/pages\/5"}],"collection":[{"href":"https:\/\/www.recatoit.lu\/fr\/wp-json\/wp\/v2\/pages"}],"about":[{"href":"https:\/\/www.recatoit.lu\/fr\/wp-json\/wp\/v2\/types\/page"}],"author":[{"embeddable":true,"href":"https:\/\/www.recatoit.lu\/fr\/wp-json\/wp\/v2\/users\/2"}],"replies":[{"embeddable":true,"href":"https:\/\/www.recatoit.lu\/fr\/wp-json\/wp\/v2\/comments?post=5"}],"version-history":[{"count":5,"href":"https:\/\/www.recatoit.lu\/fr\/wp-json\/wp\/v2\/pages\/5\/revisions"}],"predecessor-version":[{"id":326,"href":"https:\/\/www.recatoit.lu\/fr\/wp-json\/wp\/v2\/pages\/5\/revisions\/326"}],"wp:attachment":[{"href":"https:\/\/www.recatoit.lu\/fr\/wp-json\/wp\/v2\/media?parent=5"}],"curies":[{"name":"wp","href":"https:\/\/api.w.org\/{rel}","templated":true}]}}