{"id":4,"date":"2018-02-27T15:40:54","date_gmt":"2018-02-27T14:40:54","guid":{"rendered":"https:\/\/www.recatoit.lu\/accueil\/"},"modified":"2019-03-26T14:23:29","modified_gmt":"2019-03-26T13:23:29","slug":"accueil","status":"publish","type":"page","link":"https:\/\/www.recatoit.lu\/fr\/","title":{"rendered":"RecaToit &#8211; Toiture &amp; bardage"},"content":{"rendered":"<p>Vous souhaitez une nouvelle toiture ou vous r\u00e9flechissez \u00e0 une r\u00e9novation de votre toiture ? Vous souhaitez un bardage ? Votre goutti\u00e8re a besoin d&rsquo;\u00eatre nettoy\u00e9e?<\/p>\n<p>Vous \u00eates au bon endroit!\u00a0 Nous vous offrons tous les services en toiture et rev\u00eatement de fa\u00e7ade, que ce soit pour une nouvelle construction, une r\u00e9novation ou de petites r\u00e9parations.<\/p>\n<p>Nous vous conseillons &#8211; prenez contact avec nous!<\/p>\n","protected":false},"excerpt":{"rendered":"<p>Vous souhaitez une nouvelle toiture ou vous r\u00e9flechissez \u00e0 une r\u00e9novation de votre toiture ? Vous souhaitez un bardage ? [&hellip;]<\/p>\n","protected":false},"author":2,"featured_media":61,"parent":0,"menu_order":0,"comment_status":"closed","ping_status":"closed","template":"page-accueil.php","meta":{"footnotes":""},"acf":[],"yoast_head":"<!-- This site is optimized with the Yoast SEO plugin v22.6 - https:\/\/yoast.com\/wordpress\/plugins\/seo\/ -->\n<title>RecaToit - Toiture &amp; bardage - RecaToit<\/title>\n<meta name=\"robots\" content=\"index, follow, max-snippet:-1, max-image-preview:large, max-video-preview:-1\" \/>\n<link rel=\"canonical\" href=\"https:\/\/www.recatoit.lu\/fr\/\" \/>\n<meta property=\"og:locale\" content=\"fr_FR\" \/>\n<meta property=\"og:type\" content=\"article\" \/>\n<meta property=\"og:title\" content=\"RecaToit - Toiture &amp; bardage - RecaToit\" \/>\n<meta property=\"og:description\" content=\"Vous souhaitez une nouvelle toiture ou vous r\u00e9flechissez \u00e0 une r\u00e9novation de votre toiture ? Vous souhaitez un bardage ? [&hellip;]\" \/>\n<meta property=\"og:url\" content=\"https:\/\/www.recatoit.lu\/fr\/\" \/>\n<meta property=\"og:site_name\" content=\"RecaToit\" \/>\n<meta property=\"article:modified_time\" content=\"2019-03-26T13:23:29+00:00\" \/>\n<meta property=\"og:image\" content=\"https:\/\/www.recatoit.lu\/wp-content\/uploads\/realiser-travaux-charpente-toiture-19845.jpg\" \/>\n\t<meta property=\"og:image:width\" content=\"1200\" \/>\n\t<meta property=\"og:image:height\" content=\"800\" \/>\n\t<meta property=\"og:image:type\" content=\"image\/jpeg\" \/>\n<meta name=\"twitter:card\" content=\"summary_large_image\" \/>\n<script type=\"application\/ld+json\" class=\"yoast-schema-graph\">{\"@context\":\"https:\/\/schema.org\",\"@graph\":[{\"@type\":\"WebPage\",\"@id\":\"https:\/\/www.recatoit.lu\/fr\/\",\"url\":\"https:\/\/www.recatoit.lu\/fr\/\",\"name\":\"RecaToit - Toiture &amp; bardage - RecaToit\",\"isPartOf\":{\"@id\":\"https:\/\/www.recatoit.lu\/#website\"},\"primaryImageOfPage\":{\"@id\":\"https:\/\/www.recatoit.lu\/fr\/#primaryimage\"},\"image\":{\"@id\":\"https:\/\/www.recatoit.lu\/fr\/#primaryimage\"},\"thumbnailUrl\":\"https:\/\/www.recatoit.lu\/wp-content\/uploads\/realiser-travaux-charpente-toiture-19845.jpg\",\"datePublished\":\"2018-02-27T14:40:54+00:00\",\"dateModified\":\"2019-03-26T13:23:29+00:00\",\"breadcrumb\":{\"@id\":\"https:\/\/www.recatoit.lu\/fr\/#breadcrumb\"},\"inLanguage\":\"fr-FR\",\"potentialAction\":[{\"@type\":\"ReadAction\",\"target\":[\"https:\/\/www.recatoit.lu\/fr\/\"]}]},{\"@type\":\"ImageObject\",\"inLanguage\":\"fr-FR\",\"@id\":\"https:\/\/www.recatoit.lu\/fr\/#primaryimage\",\"url\":\"https:\/\/www.recatoit.lu\/wp-content\/uploads\/realiser-travaux-charpente-toiture-19845.jpg\",\"contentUrl\":\"https:\/\/www.recatoit.lu\/wp-content\/uploads\/realiser-travaux-charpente-toiture-19845.jpg\",\"width\":1200,\"height\":800},{\"@type\":\"BreadcrumbList\",\"@id\":\"https:\/\/www.recatoit.lu\/fr\/#breadcrumb\",\"itemListElement\":[{\"@type\":\"ListItem\",\"position\":1,\"name\":\"Home\",\"item\":\"https:\/\/www.recatoit.lu\/fr\/\"},{\"@type\":\"ListItem\",\"position\":2,\"name\":\"RecaToit &#8211; Toiture &amp; bardage\"}]},{\"@type\":\"WebSite\",\"@id\":\"https:\/\/www.recatoit.lu\/#website\",\"url\":\"https:\/\/www.recatoit.lu\/\",\"name\":\"RecaToit\",\"description\":\"\",\"potentialAction\":[{\"@type\":\"SearchAction\",\"target\":{\"@type\":\"EntryPoint\",\"urlTemplate\":\"https:\/\/www.recatoit.lu\/?s={search_term_string}\"},\"query-input\":\"required name=search_term_string\"}],\"inLanguage\":\"fr-FR\"}]}<\/script>\n<!-- \/ Yoast SEO plugin. -->","yoast_head_json":{"title":"RecaToit - Toiture &amp; bardage - RecaToit","robots":{"index":"index","follow":"follow","max-snippet":"max-snippet:-1","max-image-preview":"max-image-preview:large","max-video-preview":"max-video-preview:-1"},"canonical":"https:\/\/www.recatoit.lu\/fr\/","og_locale":"fr_FR","og_type":"article","og_title":"RecaToit - Toiture &amp; bardage - RecaToit","og_description":"Vous souhaitez une nouvelle toiture ou vous r\u00e9flechissez \u00e0 une r\u00e9novation de votre toiture ? Vous souhaitez un bardage ? [&hellip;]","og_url":"https:\/\/www.recatoit.lu\/fr\/","og_site_name":"RecaToit","article_modified_time":"2019-03-26T13:23:29+00:00","og_image":[{"width":1200,"height":800,"url":"https:\/\/www.recatoit.lu\/wp-content\/uploads\/realiser-travaux-charpente-toiture-19845.jpg","type":"image\/jpeg"}],"twitter_card":"summary_large_image","schema":{"@context":"https:\/\/schema.org","@graph":[{"@type":"WebPage","@id":"https:\/\/www.recatoit.lu\/fr\/","url":"https:\/\/www.recatoit.lu\/fr\/","name":"RecaToit - Toiture &amp; bardage - RecaToit","isPartOf":{"@id":"https:\/\/www.recatoit.lu\/#website"},"primaryImageOfPage":{"@id":"https:\/\/www.recatoit.lu\/fr\/#primaryimage"},"image":{"@id":"https:\/\/www.recatoit.lu\/fr\/#primaryimage"},"thumbnailUrl":"https:\/\/www.recatoit.lu\/wp-content\/uploads\/realiser-travaux-charpente-toiture-19845.jpg","datePublished":"2018-02-27T14:40:54+00:00","dateModified":"2019-03-26T13:23:29+00:00","breadcrumb":{"@id":"https:\/\/www.recatoit.lu\/fr\/#breadcrumb"},"inLanguage":"fr-FR","potentialAction":[{"@type":"ReadAction","target":["https:\/\/www.recatoit.lu\/fr\/"]}]},{"@type":"ImageObject","inLanguage":"fr-FR","@id":"https:\/\/www.recatoit.lu\/fr\/#primaryimage","url":"https:\/\/www.recatoit.lu\/wp-content\/uploads\/realiser-travaux-charpente-toiture-19845.jpg","contentUrl":"https:\/\/www.recatoit.lu\/wp-content\/uploads\/realiser-travaux-charpente-toiture-19845.jpg","width":1200,"height":800},{"@type":"BreadcrumbList","@id":"https:\/\/www.recatoit.lu\/fr\/#breadcrumb","itemListElement":[{"@type":"ListItem","position":1,"name":"Home","item":"https:\/\/www.recatoit.lu\/fr\/"},{"@type":"ListItem","position":2,"name":"RecaToit &#8211; Toiture &amp; bardage"}]},{"@type":"WebSite","@id":"https:\/\/www.recatoit.lu\/#website","url":"https:\/\/www.recatoit.lu\/","name":"RecaToit","description":"","potentialAction":[{"@type":"SearchAction","target":{"@type":"EntryPoint","urlTemplate":"https:\/\/www.recatoit.lu\/?s={search_term_string}"},"query-input":"required name=search_term_string"}],"inLanguage":"fr-FR"}]}},"_links":{"self":[{"href":"https:\/\/www.recatoit.lu\/fr\/wp-json\/wp\/v2\/pages\/4"}],"collection":[{"href":"https:\/\/www.recatoit.lu\/fr\/wp-json\/wp\/v2\/pages"}],"about":[{"href":"https:\/\/www.recatoit.lu\/fr\/wp-json\/wp\/v2\/types\/page"}],"author":[{"embeddable":true,"href":"https:\/\/www.recatoit.lu\/fr\/wp-json\/wp\/v2\/users\/2"}],"replies":[{"embeddable":true,"href":"https:\/\/www.recatoit.lu\/fr\/wp-json\/wp\/v2\/comments?post=4"}],"version-history":[{"count":0,"href":"https:\/\/www.recatoit.lu\/fr\/wp-json\/wp\/v2\/pages\/4\/revisions"}],"wp:featuredmedia":[{"embeddable":true,"href":"https:\/\/www.recatoit.lu\/fr\/wp-json\/wp\/v2\/media\/61"}],"wp:attachment":[{"href":"https:\/\/www.recatoit.lu\/fr\/wp-json\/wp\/v2\/media?parent=4"}],"curies":[{"name":"wp","href":"https:\/\/api.w.org\/{rel}","templated":true}]}}